{"id":181,"date":"2016-01-25T09:29:56","date_gmt":"2016-01-25T07:29:56","guid":{"rendered":"http:\/\/murphysoft.net.pl\/?page_id=181"},"modified":"2018-07-27T20:44:28","modified_gmt":"2018-07-27T18:44:28","slug":"kontakt","status":"publish","type":"page","link":"https:\/\/murphysoft.pl\/?page_id=181","title":{"rendered":"Kontakt"},"content":{"rendered":"<p><span style=\"font-family: Verdana; font-size: large;\"><a href=\"https:\/\/murphysoft.pl\/wp-content\/uploads\/2016\/01\/murphysoft_02-kopia.jpg\" rel=\"attachment wp-att-217\"><img loading=\"lazy\" decoding=\"async\" class=\"wp-image-217 alignleft\" src=\"https:\/\/murphysoft.pl\/wp-content\/uploads\/2016\/01\/murphysoft_02-kopia.jpg\" alt=\"murphysoft_02 kopia\" width=\"242\" height=\"102\" srcset=\"https:\/\/murphysoft.pl\/wp-content\/uploads\/2016\/01\/murphysoft_02-kopia.jpg 538w, https:\/\/murphysoft.pl\/wp-content\/uploads\/2016\/01\/murphysoft_02-kopia-300x127.jpg 300w\" sizes=\"auto, (max-width: 242px) 100vw, 242px\" \/><\/a><\/span><\/p>\n<p><span style=\"font-family: Verdana; font-size: large;\">Murphysoft sp. z o.o.<\/span><br \/>\n<span style=\"font-family: Verdana; font-size: small;\"><a href=\"https:\/\/murphysoft.pl\">www.murphysoft.pl<\/a><\/span><br \/>\n<span style=\"font-family: Verdana; font-size: small;\"><a href=\"http:\/\/e-mail:info@murphysoft.pl\">e-mail:info@murphysoft.pl <\/a><\/span><\/p>\n<hr \/>\n<p><span style=\"font-family: Verdana; font-size: x-small;\"> Murphysoft sp. z o.o.\u00a0 80-041 Gda\u0144sk, ul Kurier\u00f3w AK 9A\/2<br \/>\nNIP 5833186764, REGON 362709695, KRS 0000579722 VII Wydzia\u0142 Gospodarczy KRS SR Gda\u0144sk-P\u00f3\u0142noc<br \/>\nNr konta: mBank 13 1140 2004 0000 3602 7588 9854, Kapita\u0142 zak\u0142adowy 5000 PLN<br \/>\n<\/span><\/p>\n","protected":false},"excerpt":{"rendered":"<p>Murphysoft sp. z o.o. www.murphysoft.pl e-mail:info@murphysoft.pl Murphysoft sp. z o.o.\u00a0 80-041 Gda\u0144sk, ul Kurier\u00f3w AK 9A\/2 NIP 5833186764, REGON 362709695, KRS 0000579722 VII Wydzia\u0142 Gospodarczy KRS SR Gda\u0144sk-P\u00f3\u0142noc Nr konta: mBank 13 1140 2004 0000 3602 7588 9854, Kapita\u0142 zak\u0142adowy &hellip; <a href=\"https:\/\/murphysoft.pl\/?page_id=181\">Czytaj dalej <span class=\"meta-nav\">&rarr;<\/span><\/a><\/p>\n","protected":false},"author":2,"featured_media":0,"parent":0,"menu_order":3,"comment_status":"closed","ping_status":"closed","template":"","meta":{"footnotes":""},"class_list":["post-181","page","type-page","status-publish","hentry"],"_links":{"self":[{"href":"https:\/\/murphysoft.pl\/index.php?rest_route=\/wp\/v2\/pages\/181","targetHints":{"allow":["GET"]}}],"collection":[{"href":"https:\/\/murphysoft.pl\/index.php?rest_route=\/wp\/v2\/pages"}],"about":[{"href":"https:\/\/murphysoft.pl\/index.php?rest_route=\/wp\/v2\/types\/page"}],"author":[{"embeddable":true,"href":"https:\/\/murphysoft.pl\/index.php?rest_route=\/wp\/v2\/users\/2"}],"replies":[{"embeddable":true,"href":"https:\/\/murphysoft.pl\/index.php?rest_route=%2Fwp%2Fv2%2Fcomments&post=181"}],"version-history":[{"count":20,"href":"https:\/\/murphysoft.pl\/index.php?rest_route=\/wp\/v2\/pages\/181\/revisions"}],"predecessor-version":[{"id":311,"href":"https:\/\/murphysoft.pl\/index.php?rest_route=\/wp\/v2\/pages\/181\/revisions\/311"}],"wp:attachment":[{"href":"https:\/\/murphysoft.pl\/index.php?rest_route=%2Fwp%2Fv2%2Fmedia&parent=181"}],"curies":[{"name":"wp","href":"https:\/\/api.w.org\/{rel}","templated":true}]}}