{"id":298,"date":"2019-06-28T00:09:06","date_gmt":"2019-06-27T22:09:06","guid":{"rendered":"https:\/\/murphysoft.pl\/?page_id=298"},"modified":"2019-07-12T11:07:50","modified_gmt":"2019-07-12T09:07:50","slug":"polityka-prywatnosci","status":"publish","type":"page","link":"https:\/\/murphysoft.pl\/?page_id=298","title":{"rendered":"Polityka prywatno\u015bci"},"content":{"rendered":"\n<p>\nPrezentujemy najwa\u017cniejsze informacje o zasadach przetwarzania przez nas Twoich danych osobowych.<\/p>\n\n\n\n<p><strong>Administrator<\/strong><br><br> Administratorem Twoich danych osobowych jest Murphysoft sp.z o.o. zarejestrowana w Gda\u0144sku, KRS: 0000579722 VII Wydzia\u0142 Gospodarczy KRS SR Gda\u0144sk-P\u00f3\u0142noc<br><br><strong>Dlaczego przetwarzamy Twoje dane osobowe i co to znaczy, \u017ce je przetwarzamy?<\/strong><br><br> Przetwarzaniem jest zbieranie, przechowywanie, zmienianie, udost\u0119pnianie  i usuwanie, czyli faktycznie, wszystkie te czynno\u015bci na forum  E-MEA i E-CADENCIER jakie zachodz\u0105. Przetwarzamy Twoje dane, je\u015bli zarejestrowa\u0142e\u015b si\u0119 na forum  co jest konieczne, aby m\u00f3c korzysta\u0107 z wi\u0119kszo\u015bci funkcji  naszego Forum. <\/p>\n\n\n\n<p>Je\u015bli korzystasz z tej strony i zwi\u0105zanych z ni\u0105 podstron bez rejestracji na forum, nie zbieramy i nie przetwarzamy \u017cadnych danych osobowych.<br><br><strong>Jakie zbieramy o Tobie informacje i kt\u00f3re s\u0105 danymi osobowymi<\/strong><br><br> Informacje o Tobie s\u0105 zbierane na dwa sposoby. Po pierwsze Ty nam ich  dostarczasz w trakcie rejestracji. Twoje konto zawiera osobisty  prawid\u0142owy adres e-mail, kt\u00f3ry zgodnie z definicj\u0105 mo\u017ce by\u0107 (wg innych  jest na pewno) dan\u0105 osobow\u0105. Zawiera tak\u017ce inne dane nieb\u0119d\u0105ce danymi  osobowymi, takie jak: unikaln\u0105 identyfikacyjn\u0105 nazw\u0119 (Twoj\u0105 nazw\u0119  u\u017cytkownika), osobiste has\u0142o u\u017cywane do logowania na Twoje konto.  Informacje podane dla Twojego konta na na forum s\u0105 chronione przez  prawo dotycz\u0105ce ochrony danych osobowych. Mamy prawo wymaga\u0107 podania  dodatkowych informacji przy rejestracji i to my ustalamy, czy podanie  ich jest konieczne, czy nie. Ale w ka\u017cdym przypadku masz mo\u017cliwo\u015b\u0107  wybrania, kt\u00f3re informacje o Twoim koncie s\u0105 wy\u015bwietlane publicznie. Co  wi\u0119cej, w panelu u\u017cytkownika masz mo\u017cliwo\u015b\u0107 w\u0142\u0105czenia lub wy\u0142aczenia  wysy\u0142ania do Ciebie automatycznie wygenerowanych przez oprogramowanie  phpBB e-maili.<br><br> Po drugie, przegl\u0105danie forum powoduje, \u017ce oprogamowanie phpBB  wykonuje automatyczne czyno\u015bci zwi\u0105zane z rejestrowaniem i zapisywaniem  danych. Jedn\u0105 z takich danych jest adres IP, kt\u00f3ry w pewnych przypadkach  mo\u017ce by\u0107 dan\u0105 osobow\u0105. Ponadto oprogramowanie tworzy kilka ciasteczek  (ma\u0142ych plik\u00f3w tekstowych pobranych do katalogu plik\u00f3w tymczasowych na  Twoim komputerze). Pierwsze dwa ciasteczka zawieraj\u0105 identyfikator  u\u017cytkownika (zwany dalej \u201euser-id\u201d) i anonimowy identyfikator sesji  (zwany dalej \u201esession-id\u201d), automatycznie przyznane Ci przez  oprogramowanie phpBB. Trzecie ciasteczko zostanie utworzone, gdy  przejrzysz chocia\u017c jeden w\u0105tek na forumi jest u\u017cywane \u017ceby  zapisywa\u0107, kt\u00f3re w\u0105tki zosta\u0142y przeczytane, u\u0142atwiaj\u0105c Ci w ten spos\u00f3b  nawigacj\u0119 po forum.<br><br> Twoje has\u0142o zosta\u0142o zaszyfrowane jednostronnym szyfrem, wi\u0119c jest  bezpieczne. Mimo to, nie powiniene\u015b u\u017cywa\u0107 tego samego has\u0142a na r\u00f3\u017cnych  stronach WWW. Twoje has\u0142o umo\u017cliwia dost\u0119p do Twojego konta na  forum, wi\u0119c pilnuj go i nie podawaj nikomu. Je\u015bli je zapomniesz,  u\u017cyj funkcji \u201eZapomnia\u0142em has\u0142a\u201d, kt\u00f3ra zapyta Ci\u0119 o Twoj\u0105 nazw\u0119  u\u017cytkownika i adres e-mail, a potem prze\u015ble nowe has\u0142o na Tw\u00f3j adres  e-mail.<br><br> Twoje dane przetwarzamy na podstawie obowi\u0105zuj\u0105cych przepis\u00f3w prawa. Zgodnie z prawem, do przetwarzania Twoich danych osobowych konieczna jest Twoja wya\u017ana zgoda na ich przetwarzanie.<br><br><strong>Po co zbieramy dane osobowe, jak d\u0142ugo je przechowujemy i jakie s\u0105 Twoje prawa<\/strong><br><br> Zbieramy i przetwarzamy dane osobowe, poniewa\u017c tak dzia\u0142a oprogramowanie  phpBB, bez tych danych forum nie mo\u017ce funkcjonowa\u0107, w spos\u00f3b, kt\u00f3ry  pozwala nam na zapewnienie dobrej jako\u015bci. <br><br> Przechowujemy Twoje dane osobowe tak d\u0142ugo jak pozostajesz u\u017cytkownikiem  forum. Twoje dane nie b\u0119d\u0105 przekazywane innym podmiotom.<br><br> Masz prawo dost\u0119pu do tre\u015bci Twoich danych oraz ich sprostowania,  usuni\u0119cia, ograniczenia ich przetwarzania, wniesienia sprzeciwu wobec  ich przetwarzania. W celu skorzystania z powy\u017cszych uprawnie\u0144 nale\u017cy  przes\u0142a\u0107 Administratorowi odpowiedni\u0105 wiadomo\u015b\u0107 poczt\u0105 elektroniczn\u0105 na  adres info@murphysoft.pl. <\/p>\n","protected":false},"excerpt":{"rendered":"<p>Prezentujemy najwa\u017cniejsze informacje o zasadach przetwarzania przez nas Twoich danych osobowych. Administrator Administratorem Twoich danych osobowych jest Murphysoft sp.z o.o. zarejestrowana w Gda\u0144sku, KRS: 0000579722 VII Wydzia\u0142 Gospodarczy KRS SR Gda\u0144sk-P\u00f3\u0142noc Dlaczego przetwarzamy Twoje dane osobowe i co to znaczy, &hellip; <a href=\"https:\/\/murphysoft.pl\/?page_id=298\">Czytaj dalej <span class=\"meta-nav\">&rarr;<\/span><\/a><\/p>\n","protected":false},"author":2,"featured_media":0,"parent":0,"menu_order":0,"comment_status":"closed","ping_status":"closed","template":"","meta":{"footnotes":""},"class_list":["post-298","page","type-page","status-publish","hentry"],"_links":{"self":[{"href":"https:\/\/murphysoft.pl\/index.php?rest_route=\/wp\/v2\/pages\/298","targetHints":{"allow":["GET"]}}],"collection":[{"href":"https:\/\/murphysoft.pl\/index.php?rest_route=\/wp\/v2\/pages"}],"about":[{"href":"https:\/\/murphysoft.pl\/index.php?rest_route=\/wp\/v2\/types\/page"}],"author":[{"embeddable":true,"href":"https:\/\/murphysoft.pl\/index.php?rest_route=\/wp\/v2\/users\/2"}],"replies":[{"embeddable":true,"href":"https:\/\/murphysoft.pl\/index.php?rest_route=%2Fwp%2Fv2%2Fcomments&post=298"}],"version-history":[{"count":3,"href":"https:\/\/murphysoft.pl\/index.php?rest_route=\/wp\/v2\/pages\/298\/revisions"}],"predecessor-version":[{"id":315,"href":"https:\/\/murphysoft.pl\/index.php?rest_route=\/wp\/v2\/pages\/298\/revisions\/315"}],"wp:attachment":[{"href":"https:\/\/murphysoft.pl\/index.php?rest_route=%2Fwp%2Fv2%2Fmedia&parent=298"}],"curies":[{"name":"wp","href":"https:\/\/api.w.org\/{rel}","templated":true}]}}